{"id":584,"date":"2017-03-03T16:36:01","date_gmt":"2017-03-03T15:36:01","guid":{"rendered":"http:\/\/www.extremeservice.eu\/?page_id=584"},"modified":"2017-03-24T15:50:44","modified_gmt":"2017-03-24T14:50:44","slug":"informazioni-legali-privacy","status":"publish","type":"page","link":"https:\/\/www.extremeservice.eu\/?page_id=584","title":{"rendered":"Informazioni Legali, Privacy"},"content":{"rendered":"<div class=\"wpb-content-wrapper\"><p>[vc_section][vc_row][vc_column][vc_empty_space height=&#8221;132px&#8221;][vc_column_text]<\/p>\n<div class=\"destra\">\n<h3>Note Legali<\/h3>\n<blockquote><p>Extreme Service ringrazia per l&#8217;interesse mostrato verso i propri servizi\/prodotti e per aver visitato il proprio sito Internet.<\/p><\/blockquote>\n<p>\u00c8 possibile che durante la visita al sito venga richiesto di rilasciare informazioni personali. Ci\u00f2 \u00e8 completamente facoltativo ed ogni informazione personale verr\u00e0 trattata in conformit\u00e0 con le direttive europee sulla protezione dei dati personali e in accordo con la normativa vigente nel paese in cui risiede il sito. I dati forniti non verranno per nessun motivo divulgati a terzi.<\/p>\n<p><strong>Liberatoria<\/strong><br \/>\nQualsiasi informazione, documento o altro tipo di comunicazione disponibile sulle pagine web del sito www.extremeservice.eu \u00e8 soggetto ai termini e alle condizioni che di seguito vengono riportate:<br \/>\n\u2022 Extreme Service S.r.l. garantisce la fedelt\u00e0, veridicit\u00e0 e provenienza di tutte le informazioni contenute nel presente sito.<br \/>\n\u2022 Le pagine web del sito www.extremeservice.eu sono state predisposte allo scopo di fornire informazioni sulla nostra attivit\u00e0, sui servizi e prodotti che essa offre e sono state redatte con scrupolo e correttezza da Extreme Service S.r.l. che tuttavia non garantisce l&#8217;esaustivit\u00e0 e la piena veridicit\u00e0 e correttezza delle informazioni fornite.<br \/>\n\u2022 Inoltre, per quanto vi sia il preciso impegno ad aggiornare periodicamente il contenuto delle pagine, pu\u00f2 verificarsi il caso che alcune di esse contengano informazioni o dati non attuali. Extreme Service S.r.l. si riserva il diritto di aggiungere, modificare o cancellare qualsiasi informazione contenuta nelle pagine web senza obbligo di preavviso.<\/p>\n<p>&nbsp;<\/p>\n<h3>Informativa sulla Privacy<\/h3>\n<blockquote><p>Informazioni sulla gestione del Trattamento dei Dati Personali<\/p><\/blockquote>\n<p>Il trattamento dei dati personali \u00c8 effettuato in conformit al D.Lgs 196\/03. Eventuali dati personali comunicati spontaneamente dai visitatori del sito potranno essere utilizzati dalla nostra azienda sulla base del consenso espresso dagli stessi. Per la fruizione di specifici servizi da parte dei visitatori sar fornita apposita informativa e richiesto, ove necessario, il consenso al trattamento dei propri dati.<\/p>\n<p><strong>Informativa e consenso al trattamento dei dati personali ai sensi dell\u2019articolo 13 del D.lgs. n.196\/2003<\/strong><br \/>\nAi sensi dell&#8217;articolo 13 D.Lgs. 30 giugno 2003 n. 196, (recante il \u201cCodice in materia di trattamento dei dati personali\u201d) si informa che il trattamento dei dati personali \u00e8 svolto ai fini dell\u2019invio di materiale informativo concernente i nostri servizi, compresi gli adempimenti contabili e\/o fiscali, nonch\u00e8 al fine di informare, promuovere e pubblicizzare, anche a mezzo della posta elettronica, i nostri servizi\/prodotti. Il trattamento avverr\u00e0 presso: Via Monte Pagano, 1\/1 &#8211; 65124 Pescara (PE) &#8211; Telefono e Fax +39 085 4156344 con l&#8217;utilizzo di procedure anche informatizzate, nei modi e nei limiti necessari per il perseguimento delle predette finalit\u00e0.<\/p>\n<p><b>Nello specifico:<\/b><br \/>\n1. I dati da Lei forniti verranno trattati per le seguenti finalit\u00e0: gestione ed esecuzione del contratto di fornitura dei servizi da Lei sottoscritti; organizzazione, gestione ed esecuzione della fornitura dei servizi anche mediante comunicazione dei dati a terzi nostri fornitori;adempimento agli obblighi di legge o agli altri adempimenti richiesti dalle competenti Autorit\u00e0.<br \/>\n2. Il trattamento sar\u00e0 effettuato con le seguenti modalit\u00e0: ausilio di strumenti informatici\/manuali.<br \/>\n3. Il conferimento dei dati \u00e8 indispensabile ma non obbligatorio e l&#8217;eventuale rifiuto non ha alcuna conseguenza ma potrebbe comportare il mancato puntuale adempimento delle obbligazioni assunte da Best Ideas Business Center per la fornitura dei servizi da Lei acquistati.<br \/>\n4. Salvo per quanto strettamente necessario alla corretta esecuzione del contratto di fornitura, i dati in questione non saranno comunicati ad altri soggetti, n\u00e9 saranno oggetto di diffusione,se non chiedendoLe espressamente il consenso.<br \/>\nIl titolare del trattamento \u00e8 Extreme Service srl &#8211; Via Monte Pagano, 1\/1 &#8211; 65124 Pescara &#8211; Telefono e Fax +39 085 4156344, alla quale pu\u00f2 rivolgersi per far valere i Suoi diritti cos\u00ec come previsto dall&#8217;art.7 del Decreto Legislativo n. 196\/2003 che riportiamo di seguito per esteso:<br \/>\nArticolo 7<br \/>\n(Diritto di accesso ai dati personali ed altri diritti)<br \/>\n1. L&#8217;interessato ha diritto di ottenere la conferma dell&#8217;esistenza o meno di dati personali che lo riguardano, anche se non ancora registrati, e la loro comunicazione in forma intelligibile.<br \/>\n2. L&#8217;interessato ha diritto di ottenere<br \/>\na) dell&#8217;origine dei dati personali;<br \/>\nb) delle finalit\u00e0 e modalit\u00e0 del trattamento;<br \/>\nc) della logica applicata in caso di trattamento effettuato con l&#8217;ausilio di strumenti elettronici;<br \/>\nd) degli estremi identificativi del titolare, dei responsabili e del rappresentante designato ai sensi dell&#8217;articolo 5, comma 2;<br \/>\ne) dei soggetti o delle categorie di soggetti ai quali i dati personali possono essere comunicati o che possono venirne a conoscenza in qualit\u00e0 di rappresentante designato nel territorio dello Stato, di responsabili o incaricati.<br \/>\n3. L&#8217;interessato ha diritto di ottenere:<br \/>\na) l&#8217;aggiornamento, la rettificazione ovvero, quando vi ha interesse, l&#8217;integrazione dei dati;<br \/>\nb) la cancellazione, la trasformazione in forma anonima o il blocco dei dati trattati in violazione di legge, compresi quelli di cui non \u00e8 necessaria la conservazione in relazione agli scopi per i quali i dati sono stati raccolti o successivamente trattati;<br \/>\nc) l&#8217;attestazione che le operazioni di cui alle lettere a) e b) sono state portate a conoscenza, anche per quanto riguarda il loro contenuto, di coloro ai quali i dati sono stati comunicati o diffusi, eccettuato il caso in cui tale adempimento si rivela impossibile o comporta un impiego di mezzi manifestamente sproporzionato rispetto al diritto tutelato.<br \/>\n4. L&#8217;interessato ha diritto di opporsi, in tutto o in parte:<br \/>\na) per motivi legittimi al trattamento dei dati personali che lo riguardano, ancorch\u00e8 pertinenti allo scopo della raccolta;<br \/>\nb) al trattamento di dati personali che lo riguardano a fini di invio di materiale pubblicitario o di vendita diretta o per il compimento di ricerche di mercato o di comunicazione commerciale.<\/p>\n<p><b>Si specifica inoltre che:<\/b><br \/>\nI dati personali possono essere conosciuti dai dipendenti e collaboratori del titolare del trattamento nella loro qualit di responsabili o incaricati del trattamento.<br \/>\nIl conferimento di tali dati \u00e8 facoltativo, ma la loro mancata indicazione non ci consentir\u00e0 di aggiornare gli interessati sulle iniziative del titolare del trattamento.<\/p>\n<p>Agli interessati sono riconosciuti i diritti di cui all&#8217;articolo 7 del citato Codice della Privacy, e in particolare il diritto di accedere ai propri dati personali, di chiederne la rettifica, l&#8217;aggiornamento e la cancellazione, se incompleti, erronei o raccolti in violazione della legge, nonch\u00e8 di opporsi al loro trattamento per motivi legittimi, rivolgendo le richieste al titolare del trattamento: Extreme Service srl &#8211; Via Monte Pagano, 1\/1 &#8211; 65124 Pescara &#8211; Telefono e Fax +39 085 4156344 &#8211; mail@extremeservice.eu<\/p>\n<p><strong>Consenso sul sito internet<\/strong><br \/>\nInformato delle finalit\u00e0 e modalit\u00e0 del trattamento e rilevato che lo stesso \u00e8 rispettoso del Codice della privacy e delle finalit perseguite si esprime il consenso al trattamento dei dati personali inserendo i propi dati nel sito web www.extremeservice.eu<br \/>\nAcquisite le informazioni che precedono, rese ai sensi dell&#8217;art. 13 del D.Lgs. 196\/2003, l&#8217;utente dichiara di acconsentire al trattamento dei dati forniti come sopra descritto.<\/p>\n<\/div>\n<p>[\/vc_column_text][\/vc_column][\/vc_row][\/vc_section]<\/p>\n<\/div>","protected":false},"excerpt":{"rendered":"<p>[vc_section][vc_row][vc_column][vc_empty_space height=&#8221;132px&#8221;][vc_column_text] Note Legali Extreme Service ringrazia per l&#8217;interesse mostrato verso i propri servizi\/prodotti e per aver visitato il proprio sito Internet. \u00c8 possibile che durante la visita al sito venga richiesto di rilasciare informazioni personali. Ci\u00f2 \u00e8 completamente facoltativo ed ogni informazione personale verr\u00e0 trattata in conformit\u00e0 con le direttive europee sulla protezione dei [&hellip;]<\/p>\n","protected":false},"author":5,"featured_media":0,"parent":0,"menu_order":0,"comment_status":"closed","ping_status":"closed","template":"template-blank.php","meta":{"footnotes":""},"class_list":["post-584","page","type-page","status-publish","hentry"],"_links":{"self":[{"href":"https:\/\/www.extremeservice.eu\/index.php?rest_route=\/wp\/v2\/pages\/584","targetHints":{"allow":["GET"]}}],"collection":[{"href":"https:\/\/www.extremeservice.eu\/index.php?rest_route=\/wp\/v2\/pages"}],"about":[{"href":"https:\/\/www.extremeservice.eu\/index.php?rest_route=\/wp\/v2\/types\/page"}],"author":[{"embeddable":true,"href":"https:\/\/www.extremeservice.eu\/index.php?rest_route=\/wp\/v2\/users\/5"}],"replies":[{"embeddable":true,"href":"https:\/\/www.extremeservice.eu\/index.php?rest_route=%2Fwp%2Fv2%2Fcomments&post=584"}],"version-history":[{"count":0,"href":"https:\/\/www.extremeservice.eu\/index.php?rest_route=\/wp\/v2\/pages\/584\/revisions"}],"wp:attachment":[{"href":"https:\/\/www.extremeservice.eu\/index.php?rest_route=%2Fwp%2Fv2%2Fmedia&parent=584"}],"curies":[{"name":"wp","href":"https:\/\/api.w.org\/{rel}","templated":true}]}}